{"id":1247,"date":"2018-07-03T07:05:08","date_gmt":"2018-07-03T07:05:08","guid":{"rendered":"http:\/\/gastrenrio.com.br\/?page_id=1247"},"modified":"2026-02-04T07:35:40","modified_gmt":"2026-02-04T10:35:40","slug":"home1","status":"publish","type":"page","link":"https:\/\/gastrenrio.com.br\/","title":{"rendered":"Home 1"},"content":{"rendered":"\t\t<div data-elementor-type=\"wp-post\" data-elementor-id=\"1247\" class=\"elementor elementor-1247\">\n\t\t\t\t\t\t<div class=\"elementor-section elementor-top-section elementor-element elementor-element-4a05c06c elementor-section-stretched elementor-section-full_width elementor-section-height-default elementor-section-height-default\" data-id=\"4a05c06c\" data-element_type=\"section\" data-e-type=\"section\" data-settings=\"{&quot;stretch_section&quot;:&quot;section-stretched&quot;}\">\n\t\t\t\t\t\t<div class=\"elementor-container elementor-column-gap-no\">\n\t\t\t\t\t<div class=\"elementor-column elementor-col-100 elementor-top-column elementor-element elementor-element-c3817f5\" data-id=\"c3817f5\" data-element_type=\"column\" data-e-type=\"column\">\n\t\t\t<div class=\"elementor-widget-wrap elementor-element-populated\">\n\t\t\t\t\t\t<div class=\"elementor-element elementor-element-60b5f75 elementor-widget elementor-widget-wp-widget-layerslider_widget\" data-id=\"60b5f75\" data-element_type=\"widget\" data-e-type=\"widget\" data-widget_type=\"wp-widget-layerslider_widget.default\">\n\t\t\t\t<div class=\"elementor-widget-container\">\n\t\t\t\t\t<div class=\"widget single-sidebar padding-bottom1\"><script type=\"text\/javascript\">jQuery(function() { _initLayerSlider( '#layerslider_1_b7gzerzoowg0', {createdWith: '6.7.6', sliderVersion: '7.14.4', allowFullscreen: true, pauseOnHover: 'enabled', skin: 'v6', sliderFadeInDuration: 350, navStartStop: false, navButtons: false, showCircleTimer: false, useSrcset: true, skinsPath: 'https:\/\/gastrenrio.com.br\/wp-content\/plugins\/LayerSlider\/assets\/static\/layerslider\/skins\/', performanceMode: true}); });<\/script><link href=\"https:\/\/fonts.googleapis.com\/css?family=Roboto:100,100i,200,200i,300,300i,400,400i,500,500i,600,600i,700,700i,800,800i,900,900i\" rel=\"stylesheet\"><div id=\"layerslider_1_b7gzerzoowg0\"  class=\"ls-wp-container fitvidsignore ls-selectable\" style=\"width:1280px;height:780px;margin:0 auto;margin-bottom: 0px;\"><div class=\"ls-slide\" data-ls=\"bgsize:auto;bgcolor:#ffffff;duration:5000;transition2d:all;timeshift:4000;\"><img fetchpriority=\"high\" decoding=\"async\" width=\"1440\" height=\"810\" src=\"https:\/\/gastrenrio.com.br\/wp-content\/uploads\/2024\/03\/slide1.jpg\" class=\"ls-bg\" alt=\"\" srcset=\"https:\/\/gastrenrio.com.br\/wp-content\/uploads\/2024\/03\/slide1.jpg 1440w, https:\/\/gastrenrio.com.br\/wp-content\/uploads\/2024\/03\/slide1-300x169.jpg 300w, https:\/\/gastrenrio.com.br\/wp-content\/uploads\/2024\/03\/slide1-1024x576.jpg 1024w, https:\/\/gastrenrio.com.br\/wp-content\/uploads\/2024\/03\/slide1-600x338.jpg 600w\" sizes=\"(max-width: 1440px) 100vw, 1440px\" \/><p style=\"top:458px;left:50%;color:#ffffff;font-family:Roboto;line-height:24px;\" class=\"ls-l ls-hide-desktop ls-hide-tablet ls-hide-phone ls-text-layer\" data-ls=\"durationin:2000;delayin:20;texttransitionin:true;texttypein:chars_asc;position:relative;\">4 a 6 de agosto | domingo a ter\u00e7a-feira<\/p><img decoding=\"async\" width=\"1200\" height=\"500\" src=\"https:\/\/gastrenrio.com.br\/wp-content\/uploads\/2026\/02\/logo_transp_slide.png\" class=\"ls-l ls-img-layer\" alt=\"\" srcset=\"https:\/\/gastrenrio.com.br\/wp-content\/uploads\/2026\/02\/logo_transp_slide.png 1200w, https:\/\/gastrenrio.com.br\/wp-content\/uploads\/2026\/02\/logo_transp_slide-300x125.png 300w, https:\/\/gastrenrio.com.br\/wp-content\/uploads\/2026\/02\/logo_transp_slide-1024x427.png 1024w, https:\/\/gastrenrio.com.br\/wp-content\/uploads\/2026\/02\/logo_transp_slide-768x320.png 768w\" sizes=\"(max-width: 1200px) 100vw, 1200px\" style=\"top:140px;left:50%;width:634px;height:285px;\" data-ls=\"position:relative;\"><a style=\"\" class=\"ls-l\" href=\"#\" target=\"_self\" data-ls=\"texttransitionin:true;texttypein:chars_asc;position:relative;\"><h1 style=\"top:425px;left:477px;font-weight:700;padding-top:15px;padding-right:60px;padding-bottom:15px;padding-left:60px;font-family:Arial, sans-serif;font-size:24px;color:#fff;border-radius:50px;background-color:#70AF2C;\" class=\"ls-text-layer\"><i class=\"fa fa-calendar-check-o\"><\/i> 27- 29 agosto 2026<\/h1><\/a><a style=\"\" class=\"ls-l\" href=\"#\" target=\"_self\" data-ls=\"texttransitionin:true;texttypein:chars_asc;hover:true;hovereasingin:easeInOutQuint;position:relative;\"><span style=\"top:483px;left:448px;font-weight:700;padding-top:15px;padding-right:60px;padding-bottom:15px;padding-left:60px;font-family:Arial, sans-serif;font-size:20px;color:#fff;border-radius:50px;background-color:#1b9af7;\" class=\"ls-button-layer\">Rio Othon Palace - Copacabana<\/span><\/a><\/div><div class=\"ls-slide\" data-ls=\"duration:5000;transition2d:all;timeshift:4000;\"><img decoding=\"async\" width=\"1440\" height=\"810\" src=\"https:\/\/gastrenrio.com.br\/wp-content\/uploads\/2024\/04\/slide_inscricoes.jpg\" class=\"ls-bg\" alt=\"\" srcset=\"https:\/\/gastrenrio.com.br\/wp-content\/uploads\/2024\/04\/slide_inscricoes.jpg 1440w, https:\/\/gastrenrio.com.br\/wp-content\/uploads\/2024\/04\/slide_inscricoes-300x169.jpg 300w, https:\/\/gastrenrio.com.br\/wp-content\/uploads\/2024\/04\/slide_inscricoes-1024x576.jpg 1024w, https:\/\/gastrenrio.com.br\/wp-content\/uploads\/2024\/04\/slide_inscricoes-600x338.jpg 600w\" sizes=\"(max-width: 1440px) 100vw, 1440px\" \/><p style=\"top:368px;left:50%;font-size:30px;color:#ffffff;font-family:Roboto;line-height:30px;border-radius:10px;background-color:#057341;\" class=\"ls-l ls-text-layer\" data-ls=\"offsetyin:50sh;clipin:100% 0 0 0;position:relative;\">Garanta seu lugar!<\/p><a style=\"\" class=\"ls-l ls-hide-tablet ls-hide-phone\" href=\"https:\/\/gastrenrio.com.br\/inscricao\/\" target=\"_self\" data-ls=\"offsetyin:50sh;delayin:20;easingin:easeInQuint;clipin:100% 0 0 0;transitionout:false;hover:true;hovereasingin:easeInOutQuint;hoverbgcolor:#fad03b;hovercolor:#111111;position:relative;\"><span style=\"padding-top:15px;padding-right:60px;padding-bottom:15px;padding-left:60px;font-family:Arial, sans-serif;font-size:22px;font-weight:700;color:#fff;border-radius:50px;top:443px;left:50%;background-color:#feae1b;\" class=\"ls-button-layer\">saiba +<\/span><\/a><a style=\"\" class=\"ls-l ls-hide-desktop\" href=\"#\" target=\"_self\" data-ls=\"offsetyin:50sh;durationin:5000;delayin:20;clipin:100% 0 0 0;transitionout:false;hover:true;hovereasingin:easeInOutQuint;hoverbgcolor:#fad03b;hovercolor:#111111;position:relative;\"><span style=\"padding-top:15px;padding-right:60px;padding-bottom:15px;padding-left:60px;font-family:Arial, sans-serif;font-size:20px;font-weight:700;color:#fff;border-radius:50px;top:437px;left:50%;background-color:#feae1b;\" class=\"ls-button-layer\">saiba +<\/span><\/a><a style=\"\" class=\"ls-l\" href=\"https:\/\/gastrenrio.com.br\/inscricao\/\" target=\"_self\" data-ls=\"position:relative;\"><p style=\"top:237px;left:50%;font-weight:700;font-size:85px;color:#ffffff;font-family:Tahoma;\" class=\"ls-text-layer\">INSCRI\u00c7\u00d5ES<\/p><\/a><\/div><div class=\"ls-slide\" data-ls=\"duration:5000;transition2d:all;timeshift:4000;\"><img loading=\"lazy\" decoding=\"async\" width=\"1440\" height=\"810\" src=\"https:\/\/gastrenrio.com.br\/wp-content\/uploads\/2024\/03\/slide2.jpg\" class=\"ls-bg\" alt=\"\" srcset=\"https:\/\/gastrenrio.com.br\/wp-content\/uploads\/2024\/03\/slide2.jpg 1440w, https:\/\/gastrenrio.com.br\/wp-content\/uploads\/2024\/03\/slide2-300x169.jpg 300w, https:\/\/gastrenrio.com.br\/wp-content\/uploads\/2024\/03\/slide2-1024x576.jpg 1024w, https:\/\/gastrenrio.com.br\/wp-content\/uploads\/2024\/03\/slide2-600x338.jpg 600w\" sizes=\"(max-width: 1440px) 100vw, 1440px\" \/><h1 style=\"top:224px;left:50%;font-size:85px;color:#ffffff;font-family:Tahoma;\" class=\"ls-l ls-text-layer\" data-ls=\"position:relative;\">PATROCINADORES<\/h1><a style=\"\" class=\"ls-l\" href=\"https:\/\/gastrenrio.com.br\/patrocinadores\/\" target=\"_self\" data-ls=\"position:relative;\"><span style=\"padding-top:15px;padding-right:60px;padding-bottom:15px;padding-left:60px;font-family:Arial, sans-serif;font-size:37px;font-weight:700;color:#fff;border-radius:50px;top:435px;left:50%;background-color:#feae1b;\" class=\"ls-button-layer\">veja como sua empresa pode participar<\/span><\/a><p style=\"top:353px;left:50%;font-size:30px;color:#ffffff;\" class=\"ls-l ls-text-layer\" data-ls=\"position:relative;\"><\/p><\/div><\/div><\/div>\t\t\t\t<\/div>\n\t\t\t\t<\/div>\n\t\t\t\t\t<\/div>\n\t\t<\/div>\n\t\t\t\t\t<\/div>\n\t\t<\/div>\n\t\t\t\t<div class=\"elementor-section elementor-top-section elementor-element elementor-element-14e5960f elementor-section-stretched bg-primary elementor-section-full_width elementor-section-height-default elementor-section-height-default\" data-id=\"14e5960f\" data-element_type=\"section\" data-e-type=\"section\" data-settings=\"{&quot;stretch_section&quot;:&quot;section-stretched&quot;,&quot;background_background&quot;:&quot;classic&quot;}\">\n\t\t\t\t\t\t\t<div class=\"elementor-background-overlay\"><\/div>\n\t\t\t\t\t\t\t<div class=\"elementor-container elementor-column-gap-default\">\n\t\t\t\t\t<div class=\"elementor-column elementor-col-100 elementor-top-column elementor-element elementor-element-3175a61\" data-id=\"3175a61\" data-element_type=\"column\" data-e-type=\"column\">\n\t\t\t<div class=\"elementor-widget-wrap elementor-element-populated\">\n\t\t\t\t\t\t<section class=\"elementor-section elementor-inner-section elementor-element elementor-element-943c77a elementor-section-boxed elementor-section-height-default elementor-section-height-default\" data-id=\"943c77a\" data-element_type=\"section\" data-e-type=\"section\">\n\t\t\t\t\t\t<div class=\"elementor-container elementor-column-gap-default\">\n\t\t\t\t\t<div class=\"elementor-column elementor-col-50 elementor-inner-column elementor-element elementor-element-6ca164f\" data-id=\"6ca164f\" data-element_type=\"column\" data-e-type=\"column\">\n\t\t\t<div class=\"elementor-widget-wrap\">\n\t\t\t\t\t\t\t<\/div>\n\t\t<\/div>\n\t\t\t\t<div class=\"elementor-column elementor-col-50 elementor-inner-column elementor-element elementor-element-2aeb158\" data-id=\"2aeb158\" data-element_type=\"column\" data-e-type=\"column\">\n\t\t\t<div class=\"elementor-widget-wrap elementor-element-populated\">\n\t\t\t\t\t\t<div class=\"elementor-element elementor-element-ce4d624 elementor-widget elementor-widget-rt-info-box\" data-id=\"ce4d624\" data-element_type=\"widget\" data-e-type=\"widget\" data-widget_type=\"rt-info-box.default\">\n\t\t\t\t<div class=\"elementor-widget-container\">\n\t\t\t\t\t<div class=\"rt-el-info-box clearfix media  rtin-light rtin-style1\">\r\n\t<div class=\"rtin-icon\">\r\n\t\t\t\t\t\t\t\t\t\t\t<i class=\"primaryColor fa fa-plus-circle\" aria-hidden=\"true\"><\/i>\r\n\t\t\t\t\t\t<\/div>\r\n\t<div class=\"media-body rtin-content\">\r\n\t\t<h3 class=\"media-heading rtin-title\"><a href=\"https:\/\/gastrenrio.com.br\/programacao\/\">CONFIRA A PROGRAMA\u00c7\u00c3O<\/a><\/h3>\r\n\t\t<p class=\"rtin-text\"><\/p>\r\n\t<\/div>\r\n<\/div>\t\t\t\t<\/div>\n\t\t\t\t<\/div>\n\t\t\t\t<div class=\"elementor-element elementor-element-c58bfed elementor-widget elementor-widget-rt-info-box\" data-id=\"c58bfed\" data-element_type=\"widget\" data-e-type=\"widget\" data-widget_type=\"rt-info-box.default\">\n\t\t\t\t<div class=\"elementor-widget-container\">\n\t\t\t\t\t<div class=\"rt-el-info-box clearfix media  rtin-light rtin-style1\">\r\n\t<div class=\"rtin-icon\">\r\n\t\t\t\t\t\t\t\t\t\t\t<i class=\"primaryColor fa fa-paper-plane\" aria-hidden=\"true\"><\/i>\r\n\t\t\t\t\t\t<\/div>\r\n\t<div class=\"media-body rtin-content\">\r\n\t\t<h3 class=\"media-heading rtin-title\"><a href=\"https:\/\/gastrenrio.com.br\/temas-livres\/\">SUBMISS\u00c3O DE TEMAS LIVRES<\/a><\/h3>\r\n\t\t<p class=\"rtin-text\"><\/p>\r\n\t<\/div>\r\n<\/div>\t\t\t\t<\/div>\n\t\t\t\t<\/div>\n\t\t\t\t<div class=\"elementor-element elementor-element-14debbff elementor-widget elementor-widget-rt-info-box\" data-id=\"14debbff\" data-element_type=\"widget\" data-e-type=\"widget\" data-widget_type=\"rt-info-box.default\">\n\t\t\t\t<div class=\"elementor-widget-container\">\n\t\t\t\t\t<div class=\"rt-el-info-box clearfix media  rtin-light rtin-style1\">\r\n\t<div class=\"rtin-icon\">\r\n\t\t\t\t\t\t\t\t\t\t\t<i class=\"primaryColor fa fa-share\" aria-hidden=\"true\"><\/i>\r\n\t\t\t\t\t\t<\/div>\r\n\t<div class=\"media-body rtin-content\">\r\n\t\t<h3 class=\"media-heading rtin-title\"><a href=\"https:\/\/gastrenrio.com.br\/inscricao\/\">FA\u00c7A SUA INSCRI\u00c7\u00c3O<\/a><\/h3>\r\n\t\t<p class=\"rtin-text\"><\/p>\r\n\t<\/div>\r\n<\/div>\t\t\t\t<\/div>\n\t\t\t\t<\/div>\n\t\t\t\t\t<\/div>\n\t\t<\/div>\n\t\t\t\t\t<\/div>\n\t\t<\/section>\n\t\t\t\t\t<\/div>\n\t\t<\/div>\n\t\t\t\t\t<\/div>\n\t\t<\/div>\n\t\t\t\t<div class=\"elementor-section elementor-top-section elementor-element elementor-element-2a5ad96 elementor-section-boxed elementor-section-height-default elementor-section-height-default\" data-id=\"2a5ad96\" data-element_type=\"section\" data-e-type=\"section\">\n\t\t\t\t\t\t<div class=\"elementor-container elementor-column-gap-default\">\n\t\t\t\t\t<div class=\"elementor-column elementor-col-100 elementor-top-column elementor-element elementor-element-76f9a1b4\" data-id=\"76f9a1b4\" data-element_type=\"column\" data-e-type=\"column\">\n\t\t\t<div class=\"elementor-widget-wrap elementor-element-populated\">\n\t\t\t\t\t\t<div class=\"elementor-element elementor-element-96f75ce elementor-widget elementor-widget-heading\" data-id=\"96f75ce\" data-element_type=\"widget\" data-e-type=\"widget\" data-widget_type=\"heading.default\">\n\t\t\t\t<div class=\"elementor-widget-container\">\n\t\t\t\t\t<h6 class=\"elementor-heading-title elementor-size-default\">.<\/h6>\t\t\t\t<\/div>\n\t\t\t\t<\/div>\n\t\t\t\t<div class=\"elementor-element elementor-element-b4aba7b elementor-widget elementor-widget-rt-text-with-title\" data-id=\"b4aba7b\" data-element_type=\"widget\" data-e-type=\"widget\" data-widget_type=\"rt-text-with-title.default\">\n\t\t\t\t<div class=\"elementor-widget-container\">\n\t\t\t\t\t<div class=\"rt-el-twt-1 rtin-light\">\r\n\t\t<div class=\"rtin-content\"><div class=\"about-layout1\"><p>INFORMA\u00c7\u00d5ES:<\/p><p><img loading=\"lazy\" decoding=\"async\" class=\"aligncenter size-full wp-image-2502\" src=\"http:\/\/gastrenrio.com.br\/wp-content\/uploads\/2019\/03\/logo_galppe_site.jpg\" alt=\"\" width=\"182\" height=\"120\" \/><\/p><p><a href=\"mailto:%20contato@galppe-eventos.com.br\">contato@galppe-eventos.com.br<\/a><\/p><\/div><\/div>\r\n\t<\/div>\r\n\t\t\t\t<\/div>\n\t\t\t\t<\/div>\n\t\t\t\t\t<\/div>\n\t\t<\/div>\n\t\t\t\t\t<\/div>\n\t\t<\/div>\n\t\t\t\t<\/div>\n\t\t","protected":false},"excerpt":{"rendered":"<p>CONFIRA A PROGRAMA\u00c7\u00c3O SUBMISS\u00c3O DE TEMAS LIVRES FA\u00c7A SUA INSCRI\u00c7\u00c3O . INFORMA\u00c7\u00d5ES: contato@galppe-eventos.com.br<\/p>\n","protected":false},"author":1,"featured_media":0,"parent":0,"menu_order":0,"comment_status":"closed","ping_status":"closed","template":"","meta":{"footnotes":""},"class_list":["post-1247","page","type-page","status-publish","hentry"],"_links":{"self":[{"href":"https:\/\/gastrenrio.com.br\/index.php?rest_route=\/wp\/v2\/pages\/1247","targetHints":{"allow":["GET"]}}],"collection":[{"href":"https:\/\/gastrenrio.com.br\/index.php?rest_route=\/wp\/v2\/pages"}],"about":[{"href":"https:\/\/gastrenrio.com.br\/index.php?rest_route=\/wp\/v2\/types\/page"}],"author":[{"embeddable":true,"href":"https:\/\/gastrenrio.com.br\/index.php?rest_route=\/wp\/v2\/users\/1"}],"replies":[{"embeddable":true,"href":"https:\/\/gastrenrio.com.br\/index.php?rest_route=%2Fwp%2Fv2%2Fcomments&post=1247"}],"version-history":[{"count":176,"href":"https:\/\/gastrenrio.com.br\/index.php?rest_route=\/wp\/v2\/pages\/1247\/revisions"}],"predecessor-version":[{"id":4040,"href":"https:\/\/gastrenrio.com.br\/index.php?rest_route=\/wp\/v2\/pages\/1247\/revisions\/4040"}],"wp:attachment":[{"href":"https:\/\/gastrenrio.com.br\/index.php?rest_route=%2Fwp%2Fv2%2Fmedia&parent=1247"}],"curies":[{"name":"wp","href":"https:\/\/api.w.org\/{rel}","templated":true}]}}