{"id":2462,"date":"2019-03-15T14:54:53","date_gmt":"2019-03-15T17:54:53","guid":{"rendered":"http:\/\/gastrenrio.com.br\/?page_id=2462"},"modified":"2026-02-04T08:41:33","modified_gmt":"2026-02-04T11:41:33","slug":"temas-livres","status":"publish","type":"page","link":"https:\/\/gastrenrio.com.br\/?page_id=2462","title":{"rendered":"Temas livres"},"content":{"rendered":"\r\n<p><strong><u>Regulamento para o envio de temas livres<\/u><\/strong><\/p>\r\n<p><strong>XXXIV GASTREN-RIO<\/strong><\/p>\r\n<ol>\r\n<li><strong><u>Regulamento geral<\/u><\/strong><\/li>\r\n<\/ol>\r\n<ul>\r\n<li>Data limite para entrega dos trabalhos: <strong>14 de agosto de 2026<\/strong><\/li>\r\n<li>O resumo deve obedecer \u00e0s instru\u00e7\u00f5es de reda\u00e7\u00e3o e diagrama\u00e7\u00e3o descritas no item 2 seguinte.<\/li>\r\n<li>O autor (1 em cada 3) dever\u00e1 estar inscrito no Evento.<\/li>\r\n<li>Enviar seu resumo pelo site <a href=\"http:\/\/www.gastren-rio.com.br\">gastren-rio.com.br<\/a><\/li>\r\n<li>A coordena\u00e7\u00e3o de Temas Livres, ap\u00f3s avalia\u00e7\u00e3o do trabalho, confirmar\u00e1 sua aceita\u00e7\u00e3o ou n\u00e3o.<\/li>\r\n<li>Ser\u00e1 entregue somente um certificado ao autor principal por trabalho apresentado e aceito, constando o nome dos autores que est\u00e3o inclu\u00eddos no resumo inscrito.<\/li>\r\n<li>Em todos os trabalhos dever\u00e3o constar os dados do autor principal (nome completo, telefone, endere\u00e7o e e-mail) e o nome da institui\u00e7\u00e3o em que o trabalho foi realizado.<\/li>\r\n<li>S\u00f3 ser\u00e3o consideradas as correspond\u00eancias e mensagens entre a organiza\u00e7\u00e3o do evento e o autor principal.<\/li>\r\n<li>Os trabalhos aceitos ser\u00e3o apresentados na forma de p\u00f4ster e conforme instru\u00e7\u00f5es do item 3.<\/li>\r\n<li>N\u00e3o h\u00e1 limite de envio de trabalhos por inscri\u00e7\u00e3o.<\/li>\r\n<li>Os 3 melhores trabalhos ser\u00e3o premiados.<\/li>\r\n<li>A avalia\u00e7\u00e3o do trabalho somente ser\u00e1 realizada mediante inscri\u00e7\u00e3o pr\u00e9via de um autor.<\/li>\r\n<\/ul>\r\n<p><strong><u>2 &#8211; Instru\u00e7\u00f5es para a confec\u00e7\u00e3o do Resumo<\/u><\/strong><\/p>\r\n<p><strong><em><u>Obs: Favor atentar para estes itens, pois resumos que n\u00e3o se enquadrem nas regras abaixo ser\u00e3o devolvidos para corre\u00e7\u00e3o.<\/u><\/em><\/strong><\/p>\r\n<ul>\r\n<li>O resumo n\u00e3o poder\u00e1 exceder a 2.500 caracteres, incluindo os espa\u00e7os.<\/li>\r\n<li>Os trabalhos dever\u00e3o ser digitados em fonte Arial, corpo 11, espa\u00e7amento entrelinhas de 1,5, elaborado em Word vers\u00e3o 6.0 ou superior.<\/li>\r\n<li>Escrever o t\u00edtulo em letras mai\u00fasculas e min\u00fasculas.<\/li>\r\n<li>Os nomes dos autores dever\u00e1 seguir o seguinte padr\u00e3o: \u00faltimo sobrenome, seguido das iniciais dos demais sobrenomes e primeiro nome (Ex.: Corr\u00eaa MJ, Silva PC, Moreira RP). Escrever os nomes de modo cont\u00ednuo, primeiro o nome do autor principal seguido pelos coautores e separados por v\u00edrgulas.<\/li>\r\n<li>N\u00e3o sublinhar os nomes nem colocar titula\u00e7\u00f5es.<\/li>\r\n<li>Cada trabalho poder\u00e1 ter no m\u00e1ximo 8 (oito) autores.<\/li>\r\n<li>Logo ap\u00f3s o \u00faltimo nome de autor, inserir o nome da institui\u00e7\u00e3o onde o trabalho foi realizado.<\/li>\r\n<li>Os resumos dever\u00e3o ser adequados \u00e9tica e metodologicamente, constando os seguintes itens: Introdu\u00e7\u00e3o, Objetivos, M\u00e9todos, Resultados e Conclus\u00f5es.<\/li>\r\n<li>Ser\u00e3o aceitos tamb\u00e9m \u201cRelatos de Caso\u201d, constando os seguintes itens: Introdu\u00e7\u00e3o, Relato do Caso, Conclus\u00e3o.<\/li>\r\n<\/ul>\r\n<p><strong><u>3 &#8211; Apresenta\u00e7\u00e3o do Trabalho<\/u><\/strong><\/p>\r\n<p>Os p\u00f4steres ser\u00e3o apresentados em formato digital. Os autores principais cujos trabalhos forem aprovados receber\u00e3o as informa\u00e7\u00f5es t\u00e9cnicas para a confec\u00e7\u00e3o do arquivo pelo e-mail informado na submiss\u00e3o do resumo<\/p>\r\n<p><strong>SUBMISS\u00c3O DE TEMA LIVRE<\/strong><\/p>\r\n\n<div class=\"wpcf7 no-js\" id=\"wpcf7-f3749-o1\" lang=\"pt-BR\" dir=\"ltr\" data-wpcf7-id=\"3749\">\n<div class=\"screen-reader-response\"><p role=\"status\" aria-live=\"polite\" aria-atomic=\"true\"><\/p> <ul><\/ul><\/div>\n<form action=\"\/index.php?rest_route=%2Fwp%2Fv2%2Fpages%2F2462#wpcf7-f3749-o1\" method=\"post\" class=\"wpcf7-form init\" aria-label=\"Formul\u00e1rios de contato\" enctype=\"multipart\/form-data\" novalidate=\"novalidate\" data-status=\"init\">\n<fieldset class=\"hidden-fields-container\"><input type=\"hidden\" name=\"_wpcf7\" value=\"3749\" \/><input type=\"hidden\" name=\"_wpcf7_version\" value=\"6.1.5\" \/><input type=\"hidden\" name=\"_wpcf7_locale\" value=\"pt_BR\" \/><input type=\"hidden\" name=\"_wpcf7_unit_tag\" value=\"wpcf7-f3749-o1\" \/><input type=\"hidden\" name=\"_wpcf7_container_post\" value=\"0\" \/><input type=\"hidden\" name=\"_wpcf7_posted_data_hash\" value=\"\" \/><input type=\"hidden\" name=\"_wpcf7cf_hidden_group_fields\" value=\"[]\" \/><input type=\"hidden\" name=\"_wpcf7cf_hidden_groups\" value=\"[]\" \/><input type=\"hidden\" name=\"_wpcf7cf_visible_groups\" value=\"[]\" \/><input type=\"hidden\" name=\"_wpcf7cf_repeaters\" value=\"[]\" \/><input type=\"hidden\" name=\"_wpcf7cf_steps\" value=\"{}\" \/><input type=\"hidden\" name=\"_wpcf7cf_options\" value=\"{&quot;form_id&quot;:3749,&quot;conditions&quot;:[],&quot;settings&quot;:{&quot;animation&quot;:&quot;yes&quot;,&quot;animation_intime&quot;:200,&quot;animation_outtime&quot;:200,&quot;conditions_ui&quot;:&quot;normal&quot;,&quot;notice_dismissed&quot;:false,&quot;notice_dismissed_update-cf7-5.4.1&quot;:true,&quot;notice_dismissed_rollback-cf7-5.8.7&quot;:true}}\" \/><input type=\"hidden\" name=\"_wpcf7_recaptcha_response\" value=\"\" \/>\n<\/fieldset>\n<p>T\u00edtulo do trabalho\n<\/p>\n<p><span class=\"wpcf7-form-control-wrap\" data-name=\"titulo\"><input size=\"40\" maxlength=\"400\" class=\"wpcf7-form-control wpcf7-text wpcf7-validates-as-required\" aria-required=\"true\" aria-invalid=\"false\" value=\"\" type=\"text\" name=\"titulo\" \/><\/span>\n<\/p>\n<p>Nome do autor principal\n<\/p>\n<p><span class=\"wpcf7-form-control-wrap\" data-name=\"nome\"><input size=\"40\" maxlength=\"400\" class=\"wpcf7-form-control wpcf7-text wpcf7-validates-as-required\" aria-required=\"true\" aria-invalid=\"false\" value=\"\" type=\"text\" name=\"nome\" \/><\/span>\n<\/p>\n<p>CPF (para certificado)\n<\/p>\n<p><span class=\"wpcf7-form-control-wrap\" data-name=\"cpf\"><input size=\"40\" maxlength=\"400\" class=\"wpcf7-form-control wpcf7-text wpcf7-validates-as-required\" aria-required=\"true\" aria-invalid=\"false\" value=\"\" type=\"text\" name=\"cpf\" \/><\/span>\n<\/p>\n<p>Telefone\n<\/p>\n<p><span class=\"wpcf7-form-control-wrap\" data-name=\"telefone\"><input size=\"40\" maxlength=\"400\" class=\"wpcf7-form-control wpcf7-tel wpcf7-validates-as-required wpcf7-text wpcf7-validates-as-tel\" aria-required=\"true\" aria-invalid=\"false\" value=\"\" type=\"tel\" name=\"telefone\" \/><\/span>\n<\/p>\n<p>E-mail*\n<\/p>\n<p><span class=\"wpcf7-form-control-wrap\" data-name=\"email\"><input size=\"40\" maxlength=\"400\" class=\"wpcf7-form-control wpcf7-email wpcf7-validates-as-required wpcf7-text wpcf7-validates-as-email\" aria-required=\"true\" aria-invalid=\"false\" value=\"\" type=\"email\" name=\"email\" \/><\/span>\n<\/p>\n<p>Endere\u00e7o de correspond\u00eancia\n<\/p>\n<p><span class=\"wpcf7-form-control-wrap\" data-name=\"endereco\"><input size=\"40\" maxlength=\"400\" class=\"wpcf7-form-control wpcf7-text wpcf7-validates-as-required\" aria-required=\"true\" aria-invalid=\"false\" value=\"\" type=\"text\" name=\"endereco\" \/><\/span>\n<\/p>\n<p>Institui\u00e7\u00e3o (de realiza\u00e7\u00e3o do trabalho)\n<\/p>\n<p><span class=\"wpcf7-form-control-wrap\" data-name=\"instituicao\"><input size=\"40\" maxlength=\"400\" class=\"wpcf7-form-control wpcf7-text wpcf7-validates-as-required\" aria-required=\"true\" aria-invalid=\"false\" value=\"\" type=\"text\" name=\"instituicao\" \/><\/span>\n<\/p>\n<p>Resumo (envio aceito somente em arquivo Word - doc, docx - ou PDF)\n<\/p>\n<p><span class=\"wpcf7-form-control-wrap\" data-name=\"resumo\"><input size=\"40\" class=\"wpcf7-form-control wpcf7-file wpcf7-validates-as-required\" accept=\".doc,.docx,.pdf\" aria-required=\"true\" aria-invalid=\"false\" type=\"file\" name=\"resumo\" \/><\/span>\n<\/p>\n<p><input class=\"wpcf7-form-control wpcf7-submit has-spinner\" type=\"submit\" value=\"Enviar\" \/>\n<\/p><div class=\"wpcf7-response-output\" aria-hidden=\"true\"><\/div>\n<\/form>\n<\/div>\n\r\n","protected":false},"excerpt":{"rendered":"<p>Regulamento para o envio de temas livres XXXIV GASTREN-RIO Regulamento geral Data limite para entrega dos trabalhos: 14 de agosto de 2026 O resumo deve obedecer \u00e0s instru\u00e7\u00f5es de reda\u00e7\u00e3o e diagrama\u00e7\u00e3o descritas no item 2 seguinte. O autor (1 em cada 3) dever\u00e1 estar inscrito no Evento. Enviar seu resumo pelo site gastren-rio.com.br A&#8230;<\/p>\n","protected":false},"author":1,"featured_media":0,"parent":0,"menu_order":0,"comment_status":"closed","ping_status":"closed","template":"","meta":{"footnotes":""},"class_list":["post-2462","page","type-page","status-publish","hentry"],"_links":{"self":[{"href":"https:\/\/gastrenrio.com.br\/index.php?rest_route=\/wp\/v2\/pages\/2462","targetHints":{"allow":["GET"]}}],"collection":[{"href":"https:\/\/gastrenrio.com.br\/index.php?rest_route=\/wp\/v2\/pages"}],"about":[{"href":"https:\/\/gastrenrio.com.br\/index.php?rest_route=\/wp\/v2\/types\/page"}],"author":[{"embeddable":true,"href":"https:\/\/gastrenrio.com.br\/index.php?rest_route=\/wp\/v2\/users\/1"}],"replies":[{"embeddable":true,"href":"https:\/\/gastrenrio.com.br\/index.php?rest_route=%2Fwp%2Fv2%2Fcomments&post=2462"}],"version-history":[{"count":21,"href":"https:\/\/gastrenrio.com.br\/index.php?rest_route=\/wp\/v2\/pages\/2462\/revisions"}],"predecessor-version":[{"id":4053,"href":"https:\/\/gastrenrio.com.br\/index.php?rest_route=\/wp\/v2\/pages\/2462\/revisions\/4053"}],"wp:attachment":[{"href":"https:\/\/gastrenrio.com.br\/index.php?rest_route=%2Fwp%2Fv2%2Fmedia&parent=2462"}],"curies":[{"name":"wp","href":"https:\/\/api.w.org\/{rel}","templated":true}]}}