{"id":2464,"date":"2019-03-15T14:55:19","date_gmt":"2019-03-15T17:55:19","guid":{"rendered":"http:\/\/gastrenrio.com.br\/?page_id=2464"},"modified":"2026-03-05T14:01:55","modified_gmt":"2026-03-05T17:01:55","slug":"inscricao","status":"publish","type":"page","link":"https:\/\/gastrenrio.com.br\/?page_id=2464","title":{"rendered":"Inscri\u00e7\u00f5es"},"content":{"rendered":"<p><img fetchpriority=\"high\" decoding=\"async\" class=\"aligncenter size-large wp-image-4048\" src=\"https:\/\/gastrenrio.com.br\/wp-content\/uploads\/2026\/02\/valores_2026-1-813x1024.jpg\" alt=\"\" width=\"813\" height=\"1024\" srcset=\"https:\/\/gastrenrio.com.br\/wp-content\/uploads\/2026\/02\/valores_2026-1-813x1024.jpg 813w, https:\/\/gastrenrio.com.br\/wp-content\/uploads\/2026\/02\/valores_2026-1-238x300.jpg 238w, https:\/\/gastrenrio.com.br\/wp-content\/uploads\/2026\/02\/valores_2026-1-768x968.jpg 768w, https:\/\/gastrenrio.com.br\/wp-content\/uploads\/2026\/02\/valores_2026-1-1219x1536.jpg 1219w, https:\/\/gastrenrio.com.br\/wp-content\/uploads\/2026\/02\/valores_2026-1-1625x2048.jpg 1625w, https:\/\/gastrenrio.com.br\/wp-content\/uploads\/2026\/02\/valores_2026-1.jpg 1898w\" sizes=\"(max-width: 813px) 100vw, 813px\" \/><\/p>\n<p><strong>FA\u00c7A SUA INSCRI\u00c7\u00c3O:<\/strong><\/p>\n<ul>\n<li><a href=\"https:\/\/gastrenrio.com.br\/?page_id=2916\">S\u00f3cio quite da AGRJ<\/a><\/li>\n<li><a href=\"https:\/\/gastrenrio.com.br\/?page_id=2926\">Estudantes (gradua\u00e7\u00e3o em Medicina)<\/a><\/li>\n<li><a href=\"https:\/\/gastrenrio.com.br\/?page_id=2922\">Residentes, p\u00f3s-graduandos e Jovem Gastro<\/a><\/li>\n<li><a href=\"https:\/\/gastrenrio.com.br\/?page_id=3189\">M\u00e9dicos com at\u00e9 cinco anos de forma\u00e7\u00e3o<\/a><\/li>\n<li><a href=\"https:\/\/gastrenrio.com.br\/?page_id=3332\">M\u00e9dicos s\u00f3cios de sociedades apoiadoras<\/a><\/li>\n<li><a href=\"https:\/\/gastrenrio.com.br\/?page_id=2919\">M\u00e9dicos n\u00e3o membros da AGRJ e de sociedades apoiadoras<\/a><\/li>\n<li><a href=\"https:\/\/gastrenrio.com.br\/?page_id=3894\">Profissionais da sa\u00fade (n\u00e3o prescritor)<\/a><\/li>\n<\/ul>\n","protected":false},"excerpt":{"rendered":"<p>FA\u00c7A SUA INSCRI\u00c7\u00c3O: S\u00f3cio quite da AGRJ Estudantes (gradua\u00e7\u00e3o em Medicina) Residentes, p\u00f3s-graduandos e Jovem Gastro M\u00e9dicos com at\u00e9 cinco anos de forma\u00e7\u00e3o M\u00e9dicos s\u00f3cios de sociedades apoiadoras M\u00e9dicos n\u00e3o membros da AGRJ e de sociedades apoiadoras Profissionais da sa\u00fade (n\u00e3o prescritor)<\/p>\n","protected":false},"author":1,"featured_media":0,"parent":0,"menu_order":0,"comment_status":"closed","ping_status":"closed","template":"","meta":{"footnotes":""},"class_list":["post-2464","page","type-page","status-publish","hentry"],"_links":{"self":[{"href":"https:\/\/gastrenrio.com.br\/index.php?rest_route=\/wp\/v2\/pages\/2464","targetHints":{"allow":["GET"]}}],"collection":[{"href":"https:\/\/gastrenrio.com.br\/index.php?rest_route=\/wp\/v2\/pages"}],"about":[{"href":"https:\/\/gastrenrio.com.br\/index.php?rest_route=\/wp\/v2\/types\/page"}],"author":[{"embeddable":true,"href":"https:\/\/gastrenrio.com.br\/index.php?rest_route=\/wp\/v2\/users\/1"}],"replies":[{"embeddable":true,"href":"https:\/\/gastrenrio.com.br\/index.php?rest_route=%2Fwp%2Fv2%2Fcomments&post=2464"}],"version-history":[{"count":52,"href":"https:\/\/gastrenrio.com.br\/index.php?rest_route=\/wp\/v2\/pages\/2464\/revisions"}],"predecessor-version":[{"id":4071,"href":"https:\/\/gastrenrio.com.br\/index.php?rest_route=\/wp\/v2\/pages\/2464\/revisions\/4071"}],"wp:attachment":[{"href":"https:\/\/gastrenrio.com.br\/index.php?rest_route=%2Fwp%2Fv2%2Fmedia&parent=2464"}],"curies":[{"name":"wp","href":"https:\/\/api.w.org\/{rel}","templated":true}]}}