{"id":2466,"date":"2019-03-15T14:55:42","date_gmt":"2019-03-15T17:55:42","guid":{"rendered":"http:\/\/gastrenrio.com.br\/?page_id=2466"},"modified":"2024-03-09T13:40:45","modified_gmt":"2024-03-09T16:40:45","slug":"local-do-evento","status":"publish","type":"page","link":"https:\/\/gastrenrio.com.br\/?page_id=2466","title":{"rendered":"Local do evento"},"content":{"rendered":"<p><a href=\"https:\/\/www.othon.com.br\/hotel-copacabana\/rio-othon-palace\"><img decoding=\"async\" class=\"aligncenter size-medium wp-image-3607\" src=\"https:\/\/gastrenrio.com.br\/wp-content\/uploads\/2024\/03\/logo_othon-300x135.jpg\" alt=\"\" width=\"300\" height=\"135\" srcset=\"https:\/\/gastrenrio.com.br\/wp-content\/uploads\/2024\/03\/logo_othon-300x135.jpg 300w, https:\/\/gastrenrio.com.br\/wp-content\/uploads\/2024\/03\/logo_othon-420x191.jpg 420w, https:\/\/gastrenrio.com.br\/wp-content\/uploads\/2024\/03\/logo_othon.jpg 423w\" sizes=\"(max-width: 300px) 100vw, 300px\" \/><\/a><\/p>\n<p>O Hotel Rio Othon Palace tem a praia de Copacabana a seus p\u00e9s oferecendo aos seus h\u00f3spedes o privil\u00e9gio de estar diante de um dos cart\u00f5es postais mais bonitos e famosos do Rio de Janeiro e do mundo. O Hotel disp\u00f5e ainda de uma bel\u00edssima piscina em seu rooftop, banheira de hidromassagem*, restaurante 5 estrelas, spa, saunas, \u00e1rea kids, bares e sal\u00f5es de eventos.<\/p>\n<p>Mas n\u00e3o \u00e9 s\u00f3 a beleza deslumbrante da Princesinha do Mar que atrai turistas do mundo todo. O bairro de Copacabana, com seu com\u00e9rcio cosmopolita, feiras de artesanato, restaurantes finos e t\u00edpicos, bares e boates badalados, bons cinemas e salas de teatros, encanta os visitantes e aqueles que vivem no Rio de Janeiro com \u00f3timas op\u00e7\u00f5es de lazer, a qualquer hora do dia e da noite.<\/p>\n<p>Al\u00e9m de possuir todo o encanto de Copacabana e estar pr\u00f3ximo dos principais pontos tur\u00edsticos da Cidade Maravilhosa, como o Corcovado e o P\u00e3o de A\u00e7\u00facar, \u00e9 vizinho de outra praia famosa, a charmosa Praia de Ipanema.<\/p>\n<p style=\"text-align: center;\"><strong>RESERVAS <\/strong><\/p>\n<p style=\"text-align: center;\"><a href=\"tel:552121061500\">(21) 2106-1500<\/a> | <a href=\"mailto:central.reservas@othon.com.br\">central.reservas@othon.com.br <\/a><\/p>\n<p style=\"text-align: center;\"><strong>SAIBA COMO CHEGAR <\/strong><\/p>\n<p style=\"text-align: center;\">Av. Atl\u00e2ntica, 3264 &#8211; Copacabana, Rio de Janeiro &#8211; RJ<\/p>\n<p style=\"text-align: center;\"><iframe style=\"border: 0;\" src=\"https:\/\/www.google.com\/maps\/embed?pb=!1m18!1m12!1m3!1d3673.261397529561!2d-43.19176032504284!3d-22.977413340398236!2m3!1f0!2f0!3f0!3m2!1i1024!2i768!4f13.1!3m3!1m2!1s0x9bd547345cd851%3A0xdfbcb038384c36a1!2sRio%20Othon%20Palace!5e0!3m2!1spt-PT!2sbr!4v1710002237451!5m2!1spt-PT!2sbr\" width=\"600\" height=\"450\" allowfullscreen=\"allowfullscreen\"><\/iframe><\/p>\n","protected":false},"excerpt":{"rendered":"<p>O Hotel Rio Othon Palace tem a praia de Copacabana a seus p\u00e9s oferecendo aos seus h\u00f3spedes o privil\u00e9gio de estar diante de um dos cart\u00f5es postais mais bonitos e famosos do Rio de Janeiro e do mundo. O Hotel disp\u00f5e ainda de uma bel\u00edssima piscina em seu rooftop, banheira de hidromassagem*, restaurante 5 estrelas,&#8230;<\/p>\n","protected":false},"author":1,"featured_media":0,"parent":0,"menu_order":0,"comment_status":"closed","ping_status":"closed","template":"","meta":{"footnotes":""},"class_list":["post-2466","page","type-page","status-publish","hentry"],"_links":{"self":[{"href":"https:\/\/gastrenrio.com.br\/index.php?rest_route=\/wp\/v2\/pages\/2466","targetHints":{"allow":["GET"]}}],"collection":[{"href":"https:\/\/gastrenrio.com.br\/index.php?rest_route=\/wp\/v2\/pages"}],"about":[{"href":"https:\/\/gastrenrio.com.br\/index.php?rest_route=\/wp\/v2\/types\/page"}],"author":[{"embeddable":true,"href":"https:\/\/gastrenrio.com.br\/index.php?rest_route=\/wp\/v2\/users\/1"}],"replies":[{"embeddable":true,"href":"https:\/\/gastrenrio.com.br\/index.php?rest_route=%2Fwp%2Fv2%2Fcomments&post=2466"}],"version-history":[{"count":11,"href":"https:\/\/gastrenrio.com.br\/index.php?rest_route=\/wp\/v2\/pages\/2466\/revisions"}],"predecessor-version":[{"id":3608,"href":"https:\/\/gastrenrio.com.br\/index.php?rest_route=\/wp\/v2\/pages\/2466\/revisions\/3608"}],"wp:attachment":[{"href":"https:\/\/gastrenrio.com.br\/index.php?rest_route=%2Fwp%2Fv2%2Fmedia&parent=2466"}],"curies":[{"name":"wp","href":"https:\/\/api.w.org\/{rel}","templated":true}]}}