{"id":2476,"date":"2019-03-15T14:58:53","date_gmt":"2019-03-15T17:58:53","guid":{"rendered":"http:\/\/gastrenrio.com.br\/?page_id=2476"},"modified":"2026-02-04T08:40:46","modified_gmt":"2026-02-04T11:40:46","slug":"patrocinadores","status":"publish","type":"page","link":"https:\/\/gastrenrio.com.br\/?page_id=2476","title":{"rendered":"Patrocinadores"},"content":{"rendered":"\r\n<p><img decoding=\"async\" class=\"aligncenter size-full wp-image-2502\" src=\"https:\/\/gastrenrio.com.br\/wp-content\/uploads\/2019\/03\/logo_galppe_site.jpg\" alt=\"\" width=\"182\" height=\"120\" \/><\/p>\r\n<p style=\"text-align: center;\"><strong>GALPPE EVENTOS<\/strong><\/p>\r\n\r\n\r\n\r\n<p style=\"text-align: center;\"><a href=\"mailto:contato@galppe-eventos.com.br\" target=\"_blank\" rel=\"noreferrer noopener\">contato@galppe-eventos.com.br<\/a><\/p>\r\n\r\n\r\n\r\n<p>Evento: XXXIV GASTREN-RIO<\/p>\r\n\r\n\r\n\r\n<p>Per\u00edodo: 27 a 29 de agosto de 2026<\/p>\r\n\r\n\r\n\r\n<p>Local: Rio Othon Palace<\/p>\r\n\r\n\r\n\r\n<p>Realiza\u00e7\u00e3o: Associa\u00e7\u00e3o de Gastroenterologia do Rio de Janeiro (AGRJ)<\/p>\r\n\r\n\r\n\r\n<p>P\u00fablico previsto: 500 participantes<\/p>\r\n\r\n\r\n\r\n\r\n\r\n<p>Cotas de patroc\u00ednio:\u00a0Consulte-nos<\/p>\r\n\r\n\r\n\r\n\r\n\r\n<p>Periodicidade: Anual<\/p>\r\n\r\n\r\n\r\n\r\n","protected":false},"excerpt":{"rendered":"<p>contato@galppe-eventos.com.br Evento: XXXIV GASTREN-RIO Per\u00edodo: 27 a 29 de agosto de 2026 Local: Rio Othon Palace Realiza\u00e7\u00e3o: Associa\u00e7\u00e3o de Gastroenterologia do Rio de Janeiro (AGRJ) P\u00fablico previsto: 500 participantes Cotas de patroc\u00ednio:\u00a0Consulte-nos Periodicidade: Anual<\/p>\n","protected":false},"author":1,"featured_media":0,"parent":0,"menu_order":0,"comment_status":"closed","ping_status":"closed","template":"","meta":{"footnotes":""},"class_list":["post-2476","page","type-page","status-publish","hentry"],"_links":{"self":[{"href":"https:\/\/gastrenrio.com.br\/index.php?rest_route=\/wp\/v2\/pages\/2476","targetHints":{"allow":["GET"]}}],"collection":[{"href":"https:\/\/gastrenrio.com.br\/index.php?rest_route=\/wp\/v2\/pages"}],"about":[{"href":"https:\/\/gastrenrio.com.br\/index.php?rest_route=\/wp\/v2\/types\/page"}],"author":[{"embeddable":true,"href":"https:\/\/gastrenrio.com.br\/index.php?rest_route=\/wp\/v2\/users\/1"}],"replies":[{"embeddable":true,"href":"https:\/\/gastrenrio.com.br\/index.php?rest_route=%2Fwp%2Fv2%2Fcomments&post=2476"}],"version-history":[{"count":19,"href":"https:\/\/gastrenrio.com.br\/index.php?rest_route=\/wp\/v2\/pages\/2476\/revisions"}],"predecessor-version":[{"id":4051,"href":"https:\/\/gastrenrio.com.br\/index.php?rest_route=\/wp\/v2\/pages\/2476\/revisions\/4051"}],"wp:attachment":[{"href":"https:\/\/gastrenrio.com.br\/index.php?rest_route=%2Fwp%2Fv2%2Fmedia&parent=2476"}],"curies":[{"name":"wp","href":"https:\/\/api.w.org\/{rel}","templated":true}]}}